{"id":220,"date":"2022-03-30T18:24:12","date_gmt":"2022-03-30T18:24:12","guid":{"rendered":"https:\/\/canadevibc.com\/blog\/?page_id=220"},"modified":"2025-05-02T01:00:21","modified_gmt":"2025-05-02T01:00:21","slug":"contactos","status":"publish","type":"page","link":"https:\/\/canadevibc.com\/blog\/contactos\/","title":{"rendered":"Contacto"},"content":{"rendered":"\t\t<div data-elementor-type=\"wp-page\" data-elementor-id=\"220\" class=\"elementor elementor-220\" data-elementor-post-type=\"page\">\n\t\t\t\t\t\t<section class=\"elementor-section elementor-top-section elementor-element elementor-element-85df026 elementor-section-height-min-height elementor-section-boxed elementor-section-height-default elementor-section-items-middle\" data-id=\"85df026\" data-element_type=\"section\" data-e-type=\"section\" data-settings=\"{&quot;background_background&quot;:&quot;slideshow&quot;,&quot;background_slideshow_gallery&quot;:[{&quot;id&quot;:503,&quot;url&quot;:&quot;https:\\\/\\\/canadevibc.com\\\/blog\\\/wp-content\\\/uploads\\\/2022\\\/04\\\/contacto_bg.jpg&quot;}],&quot;background_slideshow_loop&quot;:&quot;yes&quot;,&quot;background_slideshow_slide_duration&quot;:5000,&quot;background_slideshow_slide_transition&quot;:&quot;fade&quot;,&quot;background_slideshow_transition_duration&quot;:500}\">\n\t\t\t\t\t\t<div class=\"elementor-container elementor-column-gap-default\">\n\t\t\t\t\t<div class=\"elementor-column elementor-col-100 elementor-top-column elementor-element elementor-element-bf34e41\" data-id=\"bf34e41\" data-element_type=\"column\" data-e-type=\"column\">\n\t\t\t<div class=\"elementor-widget-wrap elementor-element-populated\">\n\t\t\t\t\t\t<div class=\"elementor-element elementor-element-93a9fca elementor-widget elementor-widget-heading\" data-id=\"93a9fca\" data-element_type=\"widget\" data-e-type=\"widget\" data-widget_type=\"heading.default\">\n\t\t\t\t<div class=\"elementor-widget-container\">\n\t\t\t\t\t<h2 class=\"elementor-heading-title elementor-size-xxl\">Contacto<\/h2>\t\t\t\t<\/div>\n\t\t\t\t<\/div>\n\t\t\t\t<div class=\"elementor-element elementor-element-a57b2c2 elementor-widget__width-initial elementor-widget-divider--view-line elementor-widget elementor-widget-divider\" data-id=\"a57b2c2\" data-element_type=\"widget\" data-e-type=\"widget\" data-widget_type=\"divider.default\">\n\t\t\t\t<div class=\"elementor-widget-container\">\n\t\t\t\t\t\t\t<div class=\"elementor-divider\">\n\t\t\t<span class=\"elementor-divider-separator\">\n\t\t\t\t\t\t<\/span>\n\t\t<\/div>\n\t\t\t\t\t\t<\/div>\n\t\t\t\t<\/div>\n\t\t\t\t\t<\/div>\n\t\t<\/div>\n\t\t\t\t\t<\/div>\n\t\t<\/section>\n\t\t\t\t<section class=\"elementor-section elementor-top-section elementor-element elementor-element-d59b30f elementor-section-boxed elementor-section-height-default elementor-section-height-default\" data-id=\"d59b30f\" data-element_type=\"section\" data-e-type=\"section\">\n\t\t\t\t\t\t<div class=\"elementor-container elementor-column-gap-default\">\n\t\t\t\t\t<div class=\"elementor-column elementor-col-100 elementor-top-column elementor-element elementor-element-de78057\" data-id=\"de78057\" data-element_type=\"column\" data-e-type=\"column\">\n\t\t\t<div class=\"elementor-widget-wrap elementor-element-populated\">\n\t\t\t\t\t\t<div class=\"elementor-element elementor-element-7c7b8a6 elementor-widget elementor-widget-heading\" data-id=\"7c7b8a6\" data-element_type=\"widget\" data-e-type=\"widget\" data-widget_type=\"heading.default\">\n\t\t\t\t<div class=\"elementor-widget-container\">\n\t\t\t\t\t<h2 class=\"elementor-heading-title elementor-size-default\">Contacto<\/h2>\t\t\t\t<\/div>\n\t\t\t\t<\/div>\n\t\t\t\t<div class=\"elementor-element elementor-element-e72f2ac elementor-button-align-start elementor-widget elementor-widget-global elementor-global-420 elementor-widget-form\" data-id=\"e72f2ac\" data-element_type=\"widget\" data-e-type=\"widget\" data-settings=\"{&quot;button_width&quot;:&quot;50&quot;,&quot;step_next_label&quot;:&quot;Next&quot;,&quot;step_previous_label&quot;:&quot;Previous&quot;,&quot;step_type&quot;:&quot;number_text&quot;,&quot;step_icon_shape&quot;:&quot;circle&quot;}\" data-widget_type=\"form.default\">\n\t\t\t\t<div class=\"elementor-widget-container\">\n\t\t\t\t\t\t\t<form class=\"elementor-form\" method=\"post\" name=\"Contacto \" aria-label=\"Contacto \">\n\t\t\t<input type=\"hidden\" name=\"post_id\" value=\"220\"\/>\n\t\t\t<input type=\"hidden\" name=\"form_id\" value=\"e72f2ac\"\/>\n\t\t\t<input type=\"hidden\" name=\"referer_title\" value=\"\" \/>\n\n\t\t\t\n\t\t\t<div class=\"elementor-form-fields-wrapper elementor-labels-above\">\n\t\t\t\t\t\t\t\t<div class=\"elementor-field-type-text elementor-field-group elementor-column elementor-field-group-name elementor-col-50\">\n\t\t\t\t\t\t\t\t\t\t\t\t<label for=\"form-field-name\" class=\"elementor-field-label\">\n\t\t\t\t\t\t\t\tNombre \t\t\t\t\t\t\t<\/label>\n\t\t\t\t\t\t\t\t\t\t\t\t\t\t<input size=\"1\" type=\"text\" name=\"form_fields[name]\" id=\"form-field-name\" class=\"elementor-field elementor-size-sm  elementor-field-textual\" placeholder=\"Nombre \">\n\t\t\t\t\t\t\t\t\t\t\t<\/div>\n\t\t\t\t\t\t\t\t<div class=\"elementor-field-type-email elementor-field-group elementor-column elementor-field-group-email elementor-col-50 elementor-field-required\">\n\t\t\t\t\t\t\t\t\t\t\t\t<label for=\"form-field-email\" class=\"elementor-field-label\">\n\t\t\t\t\t\t\t\tEmail\t\t\t\t\t\t\t<\/label>\n\t\t\t\t\t\t\t\t\t\t\t\t\t\t<input size=\"1\" type=\"email\" name=\"form_fields[email]\" id=\"form-field-email\" class=\"elementor-field elementor-size-sm  elementor-field-textual\" placeholder=\"Email\" required=\"required\">\n\t\t\t\t\t\t\t\t\t\t\t<\/div>\n\t\t\t\t\t\t\t\t<div class=\"elementor-field-type-tel elementor-field-group elementor-column elementor-field-group-field_aa1f9e1 elementor-col-50\">\n\t\t\t\t\t\t\t\t\t\t\t\t<label for=\"form-field-field_aa1f9e1\" class=\"elementor-field-label\">\n\t\t\t\t\t\t\t\tTel\u00e9fono\t\t\t\t\t\t\t<\/label>\n\t\t\t\t\t\t\t\t<input size=\"1\" type=\"tel\" name=\"form_fields[field_aa1f9e1]\" id=\"form-field-field_aa1f9e1\" class=\"elementor-field elementor-size-sm  elementor-field-textual\" placeholder=\"Tel\u00e9fono\" pattern=\"[0-9()#&amp;+*-=.]+\" title=\"Only numbers and phone characters (#, -, *, etc) are accepted.\">\n\n\t\t\t\t\t\t<\/div>\n\t\t\t\t\t\t\t\t<div class=\"elementor-field-type-select elementor-field-group elementor-column elementor-field-group-field_0a010bf elementor-col-50\">\n\t\t\t\t\t\t\t<div class=\"elementor-field elementor-select-wrapper remove-before \">\n\t\t\t<div class=\"select-caret-down-wrapper\">\n\t\t\t\t<i aria-hidden=\"true\" class=\"eicon-caret-down\"><\/i>\t\t\t<\/div>\n\t\t\t<select name=\"form_fields[field_0a010bf]\" id=\"form-field-field_0a010bf\" class=\"elementor-field-textual elementor-size-sm\">\n\t\t\t\t\t\t\t\t\t<option value=\"Tijuana\">Tijuana<\/option>\n\t\t\t\t\t\t\t\t\t<option value=\"Ensenada\">Ensenada<\/option>\n\t\t\t\t\t\t\t\t\t<option value=\"Mexicalli\">Mexicalli<\/option>\n\t\t\t\t\t\t\t\t\t<option value=\"\"><\/option>\n\t\t\t\t\t\t\t<\/select>\n\t\t<\/div>\n\t\t\t\t\t\t<\/div>\n\t\t\t\t\t\t\t\t<div class=\"elementor-field-type-text elementor-field-group elementor-column elementor-field-group-field_acc01ef elementor-col-100\">\n\t\t\t\t\t\t\t\t\t\t\t\t<label for=\"form-field-field_acc01ef\" class=\"elementor-field-label\">\n\t\t\t\t\t\t\t\tMensaje\t\t\t\t\t\t\t<\/label>\n\t\t\t\t\t\t\t\t\t\t\t\t\t\t<input size=\"1\" type=\"text\" name=\"form_fields[field_acc01ef]\" id=\"form-field-field_acc01ef\" class=\"elementor-field elementor-size-sm  elementor-field-textual\">\n\t\t\t\t\t\t\t\t\t\t\t<\/div>\n\t\t\t\t\t\t\t\t<div class=\"elementor-field-type-recaptcha_v3 elementor-field-group elementor-column elementor-field-group-field_9a1773b elementor-col-100 recaptcha_v3-inline\">\n\t\t\t\t\t<div class=\"elementor-field\" id=\"form-field-field_9a1773b\"><div class=\"elementor-g-recaptcha\" data-sitekey=\"6LeOkh0qAAAAANxmCTCm5gy56P2NklmRl7yaQAPM\" data-type=\"v3\" data-action=\"Form\" data-badge=\"inline\" data-size=\"invisible\"><\/div><\/div>\t\t\t\t<\/div>\n\t\t\t\t\t\t\t\t<div class=\"elementor-field-group elementor-column elementor-field-type-submit elementor-col-50 e-form__buttons\">\n\t\t\t\t\t<button class=\"elementor-button elementor-size-xs\" type=\"submit\">\n\t\t\t\t\t\t<span class=\"elementor-button-content-wrapper\">\n\t\t\t\t\t\t\t\t\t\t\t\t\t\t\t\t\t\t\t\t\t\t<span class=\"elementor-button-text\">Enviar <\/span>\n\t\t\t\t\t\t\t\t\t\t\t\t\t<\/span>\n\t\t\t\t\t<\/button>\n\t\t\t\t<\/div>\n\t\t\t<\/div>\n\t\t<\/form>\n\t\t\t\t\t\t<\/div>\n\t\t\t\t<\/div>\n\t\t\t\t\t<\/div>\n\t\t<\/div>\n\t\t\t\t\t<\/div>\n\t\t<\/section>\n\t\t\t\t<section class=\"elementor-section elementor-top-section elementor-element elementor-element-37e2e69 elementor-section-boxed elementor-section-height-default elementor-section-height-default\" data-id=\"37e2e69\" data-element_type=\"section\" data-e-type=\"section\">\n\t\t\t\t\t\t<div class=\"elementor-container elementor-column-gap-default\">\n\t\t\t\t\t<div class=\"elementor-column elementor-col-50 elementor-top-column elementor-element elementor-element-bcb303e\" data-id=\"bcb303e\" data-element_type=\"column\" data-e-type=\"column\">\n\t\t\t<div class=\"elementor-widget-wrap elementor-element-populated\">\n\t\t\t\t\t\t<div class=\"elementor-element elementor-element-8611dad elementor-widget elementor-widget-text-editor\" data-id=\"8611dad\" data-element_type=\"widget\" data-e-type=\"widget\" data-widget_type=\"text-editor.default\">\n\t\t\t\t<div class=\"elementor-widget-container\">\n\t\t\t\t\t\t\t\t\t<h2>Tijuana<\/h2><p>Domicilio:<\/p><div>Prolongaci\u00f3n Paseo de los h\u00e9roes 13186 Int. 1, Anexa 20 de Noviembre Tijuana BC, CP 22100<\/div><div>\u00a0<\/div><p>Tel\u00e9fonos:<\/p><p>(664) 684-88-05<\/p><p>(664) 684-86-25<\/p><p>Jaqueline Galindo Barajas<\/p><p>Director Estatal, Canadevi BC<\/p><p><a href=\"mailto:director@canadevibc.com\">director@canadevibc.com<\/a><\/p><p class=\"MsoNormal\"><span style=\"font-family: 'Avenir Next LT Pro Light',sans-serif;\">Lic. Elizabeth Montoya <u><\/u><u><\/u><\/span><\/p><p class=\"MsoNormal\"><span style=\"font-family: 'Avenir Next LT Pro Light',sans-serif;\">Asistente de Direcci\u00f3n<u><\/u><u><\/u><\/span><\/p><p><span style=\"font-family: 'Avenir Next LT Pro Light',sans-serif;\"><a href=\"mailto:asistentedireccion@canadevibc.com\" target=\"_blank\" rel=\"noopener\">asistentedireccion@canadevibc.<wbr \/>com<\/a><br \/><\/span><\/p><p style=\"font-weight: 400;\">Rosina Reyna<\/p><p style=\"font-weight: 400;\">Gerente Estatal de Comunicaci\u00f3n<\/p><p style=\"font-weight: 400;\"><a href=\"mailto:gerente.comunicacion@canadevibc.com\">gerente.comunicacion@canadevibc.com<\/a><\/p><p><span style=\"font-family: 'Avenir Next LT Pro Light',sans-serif;\">\u00a0<\/span><\/p>\t\t\t\t\t\t\t\t<\/div>\n\t\t\t\t<\/div>\n\t\t\t\t<div class=\"elementor-element elementor-element-db9b200 elementor-widget-divider--view-line elementor-widget elementor-widget-divider\" data-id=\"db9b200\" data-element_type=\"widget\" data-e-type=\"widget\" data-widget_type=\"divider.default\">\n\t\t\t\t<div class=\"elementor-widget-container\">\n\t\t\t\t\t\t\t<div class=\"elementor-divider\">\n\t\t\t<span class=\"elementor-divider-separator\">\n\t\t\t\t\t\t<\/span>\n\t\t<\/div>\n\t\t\t\t\t\t<\/div>\n\t\t\t\t<\/div>\n\t\t\t\t<div class=\"elementor-element elementor-element-f18212e elementor-widget elementor-widget-text-editor\" data-id=\"f18212e\" data-element_type=\"widget\" data-e-type=\"widget\" data-widget_type=\"text-editor.default\">\n\t\t\t\t<div class=\"elementor-widget-container\">\n\t\t\t\t\t\t\t\t\t<div class=\"col-lg-6 col-sm-6\"><h2>Mexicali<\/h2><p>Domicilio:<\/p><p>Calz. Cetys No. 1800 La gran v\u00eda,<\/p><\/div><div class=\"col-lg-6 col-sm-6\"><p>Mexicali B.C., C.P. 21254<\/p><p>Tel\u00e9fono:<\/p><p class=\"cndvi_contacto_telmail\">(686) 566-02-25<\/p><p>Marisa Cuadros<\/p><p>Gerente CANADEVI Mexicali<\/p><p class=\"cndvi_contacto_telmail mb-4\"><a href=\"mailto:gerente.mexicali@canadevibc.com\">gerente.mexicali@canadevibc.com<\/a><\/p><\/div>\t\t\t\t\t\t\t\t<\/div>\n\t\t\t\t<\/div>\n\t\t\t\t<div class=\"elementor-element elementor-element-c39e003 elementor-widget-divider--view-line elementor-widget elementor-widget-divider\" data-id=\"c39e003\" data-element_type=\"widget\" data-e-type=\"widget\" data-widget_type=\"divider.default\">\n\t\t\t\t<div class=\"elementor-widget-container\">\n\t\t\t\t\t\t\t<div class=\"elementor-divider\">\n\t\t\t<span class=\"elementor-divider-separator\">\n\t\t\t\t\t\t<\/span>\n\t\t<\/div>\n\t\t\t\t\t\t<\/div>\n\t\t\t\t<\/div>\n\t\t\t\t<div class=\"elementor-element elementor-element-dfcbe8c elementor-widget elementor-widget-text-editor\" data-id=\"dfcbe8c\" data-element_type=\"widget\" data-e-type=\"widget\" data-widget_type=\"text-editor.default\">\n\t\t\t\t<div class=\"elementor-widget-container\">\n\t\t\t\t\t\t\t\t\t<div class=\"col-lg-6 col-sm-6\"><h2>Ensenada<\/h2><p>Domicilio:<\/p><p>Av. Blancarte 415-6, Zona Centro, Ensenada B.C., CP 22800<\/p><\/div><div class=\"col-lg-6 col-sm-6\"><p>Tel\u00e9fono:<\/p><p class=\"cndvi_contacto_telmail\">(646) 220 9708<\/p><p>Arq. Arlett Valderrama<\/p><p>Gerente CANADEVI Ensenada<\/p><p class=\"cndvi_contacto_telmail mb-4\"><a href=\"mailto:gerente.ensenada@canadevibc.com\">gerente.ensenada@canadevibc.com<\/a><\/p><\/div>\t\t\t\t\t\t\t\t<\/div>\n\t\t\t\t<\/div>\n\t\t\t\t\t<\/div>\n\t\t<\/div>\n\t\t\t\t<div class=\"elementor-column elementor-col-50 elementor-top-column elementor-element elementor-element-bfa935c\" data-id=\"bfa935c\" data-element_type=\"column\" data-e-type=\"column\">\n\t\t\t<div class=\"elementor-widget-wrap elementor-element-populated\">\n\t\t\t\t\t\t<div class=\"elementor-element elementor-element-2af62f6 elementor-widget elementor-widget-google_maps\" data-id=\"2af62f6\" data-element_type=\"widget\" data-e-type=\"widget\" data-widget_type=\"google_maps.default\">\n\t\t\t\t<div class=\"elementor-widget-container\">\n\t\t\t\t\t\t\t<div class=\"elementor-custom-embed\">\n\t\t\t<iframe loading=\"lazy\"\n\t\t\t\t\tsrc=\"https:\/\/maps.google.com\/maps?q=%20CANADEVI%20Baja%20California%20Guillermo%20Prieto%20%23%2013501%2C%20Colonia%20An%C3%A1huac%2C%2022430%20Tijuana%2C%20B.C.&#038;t=m&#038;z=10&#038;output=embed&#038;iwloc=near\"\n\t\t\t\t\ttitle=\" CANADEVI Baja California Guillermo Prieto # 13501, Colonia An\u00e1huac, 22430 Tijuana, B.C.\"\n\t\t\t\t\taria-label=\" CANADEVI Baja California Guillermo Prieto # 13501, Colonia An\u00e1huac, 22430 Tijuana, B.C.\"\n\t\t\t><\/iframe>\n\t\t<\/div>\n\t\t\t\t\t\t<\/div>\n\t\t\t\t<\/div>\n\t\t\t\t<div class=\"elementor-element elementor-element-ed513df elementor-widget elementor-widget-google_maps\" data-id=\"ed513df\" data-element_type=\"widget\" data-e-type=\"widget\" data-widget_type=\"google_maps.default\">\n\t\t\t\t<div class=\"elementor-widget-container\">\n\t\t\t\t\t\t\t<div class=\"elementor-custom-embed\">\n\t\t\t<iframe loading=\"lazy\"\n\t\t\t\t\tsrc=\"https:\/\/maps.google.com\/maps?q=%20Blvrd%20L%C3%A1zaro%20C%C3%A1rdenas%201601%20Blvrd%20L%C3%A1zaro%20C%C3%A1rdenas%201601%2C%20Rancho%20la%20Bodega%2C%2021379%20Mexicali%2C%20B.C.&#038;t=m&#038;z=10&#038;output=embed&#038;iwloc=near\"\n\t\t\t\t\ttitle=\" Blvrd L\u00e1zaro C\u00e1rdenas 1601 Blvrd L\u00e1zaro C\u00e1rdenas 1601, Rancho la Bodega, 21379 Mexicali, B.C.\"\n\t\t\t\t\taria-label=\" Blvrd L\u00e1zaro C\u00e1rdenas 1601 Blvrd L\u00e1zaro C\u00e1rdenas 1601, Rancho la Bodega, 21379 Mexicali, B.C.\"\n\t\t\t><\/iframe>\n\t\t<\/div>\n\t\t\t\t\t\t<\/div>\n\t\t\t\t<\/div>\n\t\t\t\t<div class=\"elementor-element elementor-element-65c7938 elementor-widget-divider--view-line elementor-widget elementor-widget-divider\" data-id=\"65c7938\" data-element_type=\"widget\" data-e-type=\"widget\" data-widget_type=\"divider.default\">\n\t\t\t\t<div class=\"elementor-widget-container\">\n\t\t\t\t\t\t\t<div class=\"elementor-divider\">\n\t\t\t<span class=\"elementor-divider-separator\">\n\t\t\t\t\t\t<\/span>\n\t\t<\/div>\n\t\t\t\t\t\t<\/div>\n\t\t\t\t<\/div>\n\t\t\t\t<div class=\"elementor-element elementor-element-c288127 elementor-widget-divider--view-line elementor-widget elementor-widget-divider\" data-id=\"c288127\" data-element_type=\"widget\" data-e-type=\"widget\" data-widget_type=\"divider.default\">\n\t\t\t\t<div class=\"elementor-widget-container\">\n\t\t\t\t\t\t\t<div class=\"elementor-divider\">\n\t\t\t<span class=\"elementor-divider-separator\">\n\t\t\t\t\t\t<\/span>\n\t\t<\/div>\n\t\t\t\t\t\t<\/div>\n\t\t\t\t<\/div>\n\t\t\t\t<div class=\"elementor-element elementor-element-cb1cbcf elementor-widget elementor-widget-google_maps\" data-id=\"cb1cbcf\" data-element_type=\"widget\" data-e-type=\"widget\" data-widget_type=\"google_maps.default\">\n\t\t\t\t<div class=\"elementor-widget-container\">\n\t\t\t\t\t\t\t<div class=\"elementor-custom-embed\">\n\t\t\t<iframe loading=\"lazy\"\n\t\t\t\t\tsrc=\"https:\/\/maps.google.com\/maps?q=blancarte%20415%20zona%20centro%20ensenada&#038;t=m&#038;z=15&#038;output=embed&#038;iwloc=near\"\n\t\t\t\t\ttitle=\"blancarte 415 zona centro ensenada\"\n\t\t\t\t\taria-label=\"blancarte 415 zona centro ensenada\"\n\t\t\t><\/iframe>\n\t\t<\/div>\n\t\t\t\t\t\t<\/div>\n\t\t\t\t<\/div>\n\t\t\t\t\t<\/div>\n\t\t<\/div>\n\t\t\t\t\t<\/div>\n\t\t<\/section>\n\t\t\t\t<\/div>\n\t\t","protected":false},"excerpt":{"rendered":"<p>Contacto Contacto Tijuana Domicilio: Prolongaci\u00f3n Paseo de los h\u00e9roes 13186 Int. 1, Anexa 20 de Noviembre Tijuana BC, CP 22100\u00a0 Tel\u00e9fonos: (664) 684-88-05 (664) 684-86-25 Jaqueline Galindo Barajas Director Estatal, Canadevi BC director@canadevibc.com Lic. Elizabeth Montoya Asistente de Direcci\u00f3n asistentedireccion@canadevibc.com Rosina Reyna Gerente Estatal de Comunicaci\u00f3n gerente.comunicacion@canadevibc.com \u00a0 Mexicali Domicilio: Calz. Cetys No. 1800 La [&hellip;]<\/p>\n","protected":false},"author":1,"featured_media":0,"parent":0,"menu_order":0,"comment_status":"closed","ping_status":"closed","template":"elementor_canvas","meta":{"_acf_changed":false,"footnotes":""},"class_list":["post-220","page","type-page","status-publish","hentry"],"acf":[],"aioseo_notices":[],"_links":{"self":[{"href":"https:\/\/canadevibc.com\/blog\/wp-json\/wp\/v2\/pages\/220","targetHints":{"allow":["GET"]}}],"collection":[{"href":"https:\/\/canadevibc.com\/blog\/wp-json\/wp\/v2\/pages"}],"about":[{"href":"https:\/\/canadevibc.com\/blog\/wp-json\/wp\/v2\/types\/page"}],"author":[{"embeddable":true,"href":"https:\/\/canadevibc.com\/blog\/wp-json\/wp\/v2\/users\/1"}],"replies":[{"embeddable":true,"href":"https:\/\/canadevibc.com\/blog\/wp-json\/wp\/v2\/comments?post=220"}],"version-history":[{"count":116,"href":"https:\/\/canadevibc.com\/blog\/wp-json\/wp\/v2\/pages\/220\/revisions"}],"predecessor-version":[{"id":4748,"href":"https:\/\/canadevibc.com\/blog\/wp-json\/wp\/v2\/pages\/220\/revisions\/4748"}],"wp:attachment":[{"href":"https:\/\/canadevibc.com\/blog\/wp-json\/wp\/v2\/media?parent=220"}],"curies":[{"name":"wp","href":"https:\/\/api.w.org\/{rel}","templated":true}]}}