{"id":4178,"date":"2024-05-03T02:36:31","date_gmt":"2024-05-03T02:36:31","guid":{"rendered":"https:\/\/canadevibc.com\/blog\/?page_id=4178"},"modified":"2024-05-03T02:38:28","modified_gmt":"2024-05-03T02:38:28","slug":"sala-de-juntas-en-renta","status":"publish","type":"page","link":"https:\/\/canadevibc.com\/blog\/sala-de-juntas-en-renta\/","title":{"rendered":"Sala de Juntas en Renta"},"content":{"rendered":"\n<p><strong>No necesitas membres\u00eda para reservar<\/strong><\/p>\n\n\n\n<p>Sala de juntas en renta con capacidad m\u00e1ximo 60 personas, espacio ideal para organizar tus<br>eventos desde un taller, cursos, capacitaciones, presentaciones, reuniones de trabajo de manera<br>hibrida, \u00e1rea c\u00f3moda para realizar tus actividades empresariales de manera eficiente y con una<br>ubicaci\u00f3n c\u00e9ntrica.<\/p>\n\n\n\n<figure class=\"wp-block-gallery has-nested-images columns-default is-cropped wp-block-gallery-1 is-layout-flex wp-block-gallery-is-layout-flex\">\n<figure class=\"wp-block-image size-large\"><img fetchpriority=\"high\" decoding=\"async\" width=\"1024\" height=\"711\" data-id=\"4181\" src=\"https:\/\/canadevibc.com\/blog\/wp-content\/uploads\/2024\/05\/2.jpeg\" alt=\"\" class=\"wp-image-4181\" srcset=\"https:\/\/canadevibc.com\/blog\/wp-content\/uploads\/2024\/05\/2.jpeg 1024w, https:\/\/canadevibc.com\/blog\/wp-content\/uploads\/2024\/05\/2-300x208.jpeg 300w, https:\/\/canadevibc.com\/blog\/wp-content\/uploads\/2024\/05\/2-768x533.jpeg 768w\" sizes=\"(max-width: 1024px) 100vw, 1024px\" \/><\/figure>\n\n\n\n<figure class=\"wp-block-image size-large\"><img decoding=\"async\" width=\"1024\" height=\"542\" data-id=\"4180\" src=\"https:\/\/canadevibc.com\/blog\/wp-content\/uploads\/2024\/05\/3.jpeg\" alt=\"\" class=\"wp-image-4180\" srcset=\"https:\/\/canadevibc.com\/blog\/wp-content\/uploads\/2024\/05\/3.jpeg 1024w, https:\/\/canadevibc.com\/blog\/wp-content\/uploads\/2024\/05\/3-300x159.jpeg 300w, https:\/\/canadevibc.com\/blog\/wp-content\/uploads\/2024\/05\/3-768x407.jpeg 768w\" sizes=\"(max-width: 1024px) 100vw, 1024px\" \/><\/figure>\n\n\n\n<figure class=\"wp-block-image size-large\"><img decoding=\"async\" width=\"1024\" height=\"586\" data-id=\"4182\" src=\"https:\/\/canadevibc.com\/blog\/wp-content\/uploads\/2024\/05\/1.jpeg\" alt=\"\" class=\"wp-image-4182\" srcset=\"https:\/\/canadevibc.com\/blog\/wp-content\/uploads\/2024\/05\/1.jpeg 1024w, https:\/\/canadevibc.com\/blog\/wp-content\/uploads\/2024\/05\/1-300x172.jpeg 300w, https:\/\/canadevibc.com\/blog\/wp-content\/uploads\/2024\/05\/1-768x440.jpeg 768w\" sizes=\"(max-width: 1024px) 100vw, 1024px\" \/><\/figure>\n<\/figure>\n\n\n\n<p><br><strong>Nuestros servicios incluyen:<\/strong><\/p>\n\n\n\n<ul class=\"wp-block-list\">\n<li>Espacio (Sala de juntas) por 4 horas &#8211; (horas adicionales se cobran)<\/li>\n\n\n\n<li>Mobiliario y manteler\u00eda<\/li>\n\n\n\n<li>Ca\u00f1\u00f3n proyector \/ Sistema de videoconferencia<\/li>\n\n\n\n<li>Contamos con conexi\u00f3n inal\u00e1mbrica a internet de alta velocidad<\/li>\n\n\n\n<li>Pizarr\u00f3n<\/li>\n\n\n\n<li>A\/C con Calefacci\u00f3n<\/li>\n\n\n\n<li>Cocineta<\/li>\n<\/ul>\n\n\n\n<p><br><strong>Informaci\u00f3n adicional<\/strong><br>Ofrecemos el servicio de Coffee break por un costo adicional.<br>COFFEE BREAK<\/p>\n\n\n\n<ul class=\"wp-block-list\">\n<li>Caf\u00e9 regular (Suministros)<\/li>\n\n\n\n<li>Galletas surtidas<\/li>\n\n\n\n<li>Botellas de agua<\/li>\n\n\n\n<li>Refrescos surtidos<\/li>\n<\/ul>\n\n\n\n<p><strong>Horario de CANADEVI<\/strong><br>Lunes a Viernes de 9:00am a 5:00pm<\/p>\n\n\n\n<p><strong>Deposito apartado de fecha:<\/strong><br>Se deber\u00e1 realizar un pago de $1,000.00 pesos, para el apartado de fecha.<\/p>\n\n\n\n<p><strong>Disponibilidad de fecha y reservaciones<\/strong><br><strong>664 351-5601\u00a0<br>comunicacion@canadevibc.com<\/strong><\/p>\n","protected":false},"excerpt":{"rendered":"<p>No necesitas membres\u00eda para reservar Sala de juntas en renta con capacidad m\u00e1ximo 60 personas, espacio ideal para organizar tuseventos desde un taller, cursos, capacitaciones, presentaciones, reuniones de trabajo de manerahibrida, \u00e1rea c\u00f3moda para realizar tus actividades empresariales de manera eficiente y con unaubicaci\u00f3n c\u00e9ntrica. Nuestros servicios incluyen: Informaci\u00f3n adicionalOfrecemos el servicio de Coffee break [&hellip;]<\/p>\n","protected":false},"author":1,"featured_media":0,"parent":0,"menu_order":0,"comment_status":"closed","ping_status":"closed","template":"","meta":{"_acf_changed":false,"footnotes":""},"class_list":["post-4178","page","type-page","status-publish","hentry"],"acf":[],"aioseo_notices":[],"_links":{"self":[{"href":"https:\/\/canadevibc.com\/blog\/wp-json\/wp\/v2\/pages\/4178","targetHints":{"allow":["GET"]}}],"collection":[{"href":"https:\/\/canadevibc.com\/blog\/wp-json\/wp\/v2\/pages"}],"about":[{"href":"https:\/\/canadevibc.com\/blog\/wp-json\/wp\/v2\/types\/page"}],"author":[{"embeddable":true,"href":"https:\/\/canadevibc.com\/blog\/wp-json\/wp\/v2\/users\/1"}],"replies":[{"embeddable":true,"href":"https:\/\/canadevibc.com\/blog\/wp-json\/wp\/v2\/comments?post=4178"}],"version-history":[{"count":5,"href":"https:\/\/canadevibc.com\/blog\/wp-json\/wp\/v2\/pages\/4178\/revisions"}],"predecessor-version":[{"id":4187,"href":"https:\/\/canadevibc.com\/blog\/wp-json\/wp\/v2\/pages\/4178\/revisions\/4187"}],"wp:attachment":[{"href":"https:\/\/canadevibc.com\/blog\/wp-json\/wp\/v2\/media?parent=4178"}],"curies":[{"name":"wp","href":"https:\/\/api.w.org\/{rel}","templated":true}]}}